{"id":2470,"date":"2024-08-09T21:24:11","date_gmt":"2024-08-09T18:24:11","guid":{"rendered":"https:\/\/mikrohes.com.tr\/applications-mikrohes\/"},"modified":"2024-12-10T21:53:51","modified_gmt":"2024-12-10T18:53:51","slug":"applications-mikrohes","status":"publish","type":"page","link":"https:\/\/mikrohes.com.tr\/fr\/applications-mikrohes\/","title":{"rendered":"Applications | Mikrohes"},"content":{"rendered":"\t\t<div data-elementor-type=\"wp-page\" data-elementor-id=\"2470\" class=\"elementor elementor-2470 elementor-1118\" data-elementor-post-type=\"page\">\n\t\t\t\t<div class=\"elementor-element elementor-element-eae4191 e-con-full e-flex e-con e-parent\" data-id=\"eae4191\" data-element_type=\"container\" data-settings=\"{&quot;background_background&quot;:&quot;classic&quot;}\">\n\t\t\t\t<div class=\"elementor-element elementor-element-5bce24c elementor-widget elementor-widget-heading\" data-id=\"5bce24c\" data-element_type=\"widget\" data-widget_type=\"heading.default\">\n\t\t\t\t<div class=\"elementor-widget-container\">\n\t\t\t\t\t<h1 class=\"elementor-heading-title elementor-size-default\">Applications | Mikrohes<\/h1>\t\t\t\t<\/div>\n\t\t\t\t<\/div>\n\t\t\t\t<\/div>\n\t\t<div class=\"elementor-element elementor-element-d61ca8c e-con-full e-flex e-con e-parent\" data-id=\"d61ca8c\" data-element_type=\"container\" data-settings=\"{&quot;background_background&quot;:&quot;classic&quot;}\">\n\t\t\t\t<div class=\"elementor-element elementor-element-145fc03 elementor-grid-1 elementor-grid-tablet-2 elementor-grid-mobile-1 elementor-widget elementor-widget-loop-grid\" data-id=\"145fc03\" data-element_type=\"widget\" data-settings=\"{&quot;template_id&quot;:1119,&quot;columns&quot;:1,&quot;_skin&quot;:&quot;post&quot;,&quot;columns_tablet&quot;:&quot;2&quot;,&quot;columns_mobile&quot;:&quot;1&quot;,&quot;edit_handle_selector&quot;:&quot;[data-elementor-type=\\&quot;loop-item\\&quot;]&quot;,&quot;row_gap&quot;:{&quot;unit&quot;:&quot;px&quot;,&quot;size&quot;:&quot;&quot;,&quot;sizes&quot;:[]},&quot;row_gap_tablet&quot;:{&quot;unit&quot;:&quot;px&quot;,&quot;size&quot;:&quot;&quot;,&quot;sizes&quot;:[]},&quot;row_gap_mobile&quot;:{&quot;unit&quot;:&quot;px&quot;,&quot;size&quot;:&quot;&quot;,&quot;sizes&quot;:[]}}\" data-widget_type=\"loop-grid.post\">\n\t\t\t\t<div class=\"elementor-widget-container\">\n\t\t\t\t\t\t\t<div class=\"elementor-loop-container elementor-grid\" role=\"list\">\n\t\t<style id=\"loop-1119\">.elementor-1119 .elementor-element.elementor-element-85e7b2d{--display:flex;--flex-direction:column;--container-widget-width:100%;--container-widget-height:initial;--container-widget-flex-grow:0;--container-widget-align-self:initial;--flex-wrap-mobile:wrap;--justify-content:center;--gap:0px 0px;--row-gap:0px;--column-gap:0px;--margin-top:0px;--margin-bottom:0px;--margin-left:0px;--margin-right:0px;--padding-top:0%;--padding-bottom:0%;--padding-left:0%;--padding-right:0%;}.elementor-1119 .elementor-element.elementor-element-85e7b2d:not(.elementor-motion-effects-element-type-background), .elementor-1119 .elementor-element.elementor-element-85e7b2d > .elementor-motion-effects-container > .elementor-motion-effects-layer{background-color:#FFFFFF;}.elementor-1119 .elementor-element.elementor-element-bf70de5{--display:flex;--flex-direction:row;--container-widget-width:calc( ( 1 - var( --container-widget-flex-grow ) ) * 100% );--container-widget-height:100%;--container-widget-flex-grow:1;--container-widget-align-self:stretch;--flex-wrap-mobile:wrap;--align-items:center;--gap:0px 0px;--row-gap:0px;--column-gap:0px;--margin-top:0px;--margin-bottom:0px;--margin-left:0px;--margin-right:0px;--padding-top:0px;--padding-bottom:0px;--padding-left:0px;--padding-right:0px;}.elementor-1119 .elementor-element.elementor-element-bf70de5:not(.elementor-motion-effects-element-type-background), .elementor-1119 .elementor-element.elementor-element-bf70de5 > .elementor-motion-effects-container > .elementor-motion-effects-layer{background-color:#FFFFFF;}.elementor-1119 .elementor-element.elementor-element-5803823{--display:flex;--gap:0px 0px;--row-gap:0px;--column-gap:0px;--padding-top:0px;--padding-bottom:0px;--padding-left:0px;--padding-right:0px;}.elementor-widget-image .widget-image-caption{color:var( --e-global-color-text );font-family:var( --e-global-typography-text-font-family ), Sans-serif;font-weight:var( --e-global-typography-text-font-weight );}.elementor-1119 .elementor-element.elementor-element-b874320 > .elementor-widget-container{border-radius:15px 15px 15px 15px;}.elementor-1119 .elementor-element.elementor-element-b874320 img{border-radius:15px 15px 15px 15px;}.elementor-1119 .elementor-element.elementor-element-eb8d6cc{--display:flex;--justify-content:center;--gap:0px 0px;--row-gap:0px;--column-gap:0px;--border-radius:20px 20px 20px 20px;--margin-top:0%;--margin-bottom:0%;--margin-left:-5%;--margin-right:0%;}.elementor-1119 .elementor-element.elementor-element-bcea81b{--display:grid;--e-con-grid-template-columns:repeat(1, 1fr);--e-con-grid-template-rows:repeat(1, 1fr);--grid-auto-flow:row;--border-radius:0px 20px 20px 0px;--padding-top:30%;--padding-bottom:30%;--padding-left:3%;--padding-right:3%;}.elementor-1119 .elementor-element.elementor-element-bcea81b:not(.elementor-motion-effects-element-type-background), .elementor-1119 .elementor-element.elementor-element-bcea81b > .elementor-motion-effects-container > .elementor-motion-effects-layer{background-color:#039574;}.elementor-widget-theme-post-title .elementor-heading-title{font-family:var( --e-global-typography-primary-font-family ), Sans-serif;font-weight:var( --e-global-typography-primary-font-weight );color:var( --e-global-color-primary );}.elementor-1119 .elementor-element.elementor-element-62b9424 .elementor-heading-title{font-family:\"Roboto\", Sans-serif;color:#FFFFFF;}.elementor-1119 .elementor-element.elementor-element-66775de .elementor-button{background-color:#FFFFFF;min-width:30%;font-family:\"Red Hat Display\", Sans-serif;font-weight:500;fill:#039574;color:#039574;--fill-color:#000000;border-radius:10px 10px 10px 10px;box-shadow:0px 0px 0px 0px rgba(0,0,0,0.5);}@media(max-width:1024px){.elementor-1119 .elementor-element.elementor-element-bcea81b{--grid-auto-flow:row;}}@media(max-width:767px){.elementor-1119 .elementor-element.elementor-element-85e7b2d{--align-items:center;--container-widget-width:calc( ( 1 - var( --container-widget-flex-grow ) ) * 100% );}.elementor-1119 .elementor-element.elementor-element-bf70de5{--align-items:center;--container-widget-width:calc( ( 1 - var( --container-widget-flex-grow ) ) * 100% );}.elementor-1119 .elementor-element.elementor-element-5803823{--width:55%;}.elementor-1119 .elementor-element.elementor-element-eb8d6cc{--width:50%;}.elementor-1119 .elementor-element.elementor-element-bcea81b{--e-con-grid-template-columns:repeat(1, 1fr);--grid-auto-flow:row;--padding-top:10%;--padding-bottom:10%;--padding-left:3%;--padding-right:3%;}.elementor-1119 .elementor-element.elementor-element-66775de .elementor-button{font-size:10px;}}@media(min-width:768px){.elementor-1119 .elementor-element.elementor-element-5803823{--width:50%;}.elementor-1119 .elementor-element.elementor-element-eb8d6cc{--width:55%;}}<\/style>\t\t<div data-elementor-type=\"loop-item\" data-elementor-id=\"1119\" class=\"elementor elementor-1119 e-loop-item e-loop-item-2379 post-2379 etheme_portfolio type-etheme_portfolio status-publish has-post-thumbnail hentry portfolio_category-developpement-de-centrales-hydroelectriques portfolio_category-projets-hors-reseau\" data-elementor-post-type=\"elementor_library\" data-custom-edit-handle=\"1\">\n\t\t\t<div class=\"elementor-element elementor-element-85e7b2d e-flex e-con-boxed e-con e-parent\" data-id=\"85e7b2d\" data-element_type=\"container\" data-settings=\"{&quot;background_background&quot;:&quot;classic&quot;}\">\n\t\t\t\t\t<div class=\"e-con-inner\">\n\t\t<div class=\"elementor-element elementor-element-bf70de5 e-con-full e-flex e-con e-child\" data-id=\"bf70de5\" data-element_type=\"container\" data-settings=\"{&quot;background_background&quot;:&quot;classic&quot;}\">\n\t\t<div class=\"elementor-element elementor-element-5803823 e-con-full e-flex e-con e-child\" data-id=\"5803823\" data-element_type=\"container\">\n\t\t\t\t<div class=\"elementor-element elementor-element-b874320 elementor-widget elementor-widget-image\" data-id=\"b874320\" data-element_type=\"widget\" data-widget_type=\"image.default\">\n\t\t\t\t<div class=\"elementor-widget-container\">\n\t\t\t\t\t\t\t\t\t\t\t\t\t\t\t<img fetchpriority=\"high\" decoding=\"async\" width=\"1000\" height=\"1000\" src=\"https:\/\/mikrohes.com.tr\/wp-content\/uploads\/2024\/08\/sapanca-mikrohes-03.jpg\" class=\"attachment-large size-large wp-image-2384\" alt=\"\" srcset=\"https:\/\/mikrohes.com.tr\/wp-content\/uploads\/2024\/08\/sapanca-mikrohes-03.jpg 1000w, https:\/\/mikrohes.com.tr\/wp-content\/uploads\/2024\/08\/sapanca-mikrohes-03-300x300.jpg 300w, https:\/\/mikrohes.com.tr\/wp-content\/uploads\/2024\/08\/sapanca-mikrohes-03-150x150.jpg 150w, https:\/\/mikrohes.com.tr\/wp-content\/uploads\/2024\/08\/sapanca-mikrohes-03-768x768.jpg 768w, https:\/\/mikrohes.com.tr\/wp-content\/uploads\/2024\/08\/sapanca-mikrohes-03-1x1.jpg 1w, https:\/\/mikrohes.com.tr\/wp-content\/uploads\/2024\/08\/sapanca-mikrohes-03-10x10.jpg 10w\" sizes=\"(max-width: 1000px) 100vw, 1000px\" \/>\t\t\t\t\t\t\t\t\t\t\t\t\t\t\t<\/div>\n\t\t\t\t<\/div>\n\t\t\t\t<\/div>\n\t\t<div class=\"elementor-element elementor-element-eb8d6cc e-con-full e-flex e-con e-child\" data-id=\"eb8d6cc\" data-element_type=\"container\" data-settings=\"{&quot;background_background&quot;:&quot;classic&quot;}\">\n\t\t<div class=\"elementor-element elementor-element-bcea81b e-grid e-con-full e-con e-child\" data-id=\"bcea81b\" data-element_type=\"container\" data-settings=\"{&quot;background_background&quot;:&quot;classic&quot;}\">\n\t\t\t\t<div class=\"elementor-element elementor-element-62b9424 elementor-widget elementor-widget-theme-post-title elementor-page-title elementor-widget-heading\" data-id=\"62b9424\" data-element_type=\"widget\" data-widget_type=\"theme-post-title.default\">\n\t\t\t\t<div class=\"elementor-widget-container\">\n\t\t\t\t\t<h3 class=\"elementor-heading-title elementor-size-default\">Mikrohes \u00e0 Sapanca<\/h3>\t\t\t\t<\/div>\n\t\t\t\t<\/div>\n\t\t\t\t<div class=\"elementor-element elementor-element-66775de elementor-widget elementor-widget-text_button\" data-id=\"66775de\" data-element_type=\"widget\" data-widget_type=\"text_button.default\">\n\t\t\t\t<div class=\"elementor-widget-container\">\n\t\t\t\t\t<div class=\"etheme-button-wrapper\"><a href=\"https:\/\/mikrohes.com.tr\/fr\/uygulama\/mikrohes-a-sapanca\/\" class=\"fill-ltr has-fill etheme-text-button elementor-button\" role=\"button\">\r\n        <span class=\"elementor-button-content-wrapper\">\r\n            \r\n\t\t\t<span class=\"elementor-button-text\">Detaylar<\/span>\r\n\r\n            \r\n            \r\n        <\/span><\/a><\/div>\t\t\t\t<\/div>\n\t\t\t\t<\/div>\n\t\t\t\t<\/div>\n\t\t\t\t<\/div>\n\t\t\t\t<\/div>\n\t\t\t\t\t<\/div>\n\t\t\t\t<\/div>\n\t\t\t\t<\/div>\n\t\t\t\t<div data-elementor-type=\"loop-item\" data-elementor-id=\"1119\" class=\"elementor elementor-1119 e-loop-item e-loop-item-2386 post-2386 etheme_portfolio type-etheme_portfolio status-publish has-post-thumbnail hentry portfolio_category-production-denergie-hydrocinetique-dans-les-centrales-hydroelectriques-existantes\" data-elementor-post-type=\"elementor_library\" data-custom-edit-handle=\"1\">\n\t\t\t<div class=\"elementor-element elementor-element-85e7b2d e-flex e-con-boxed e-con e-parent\" data-id=\"85e7b2d\" data-element_type=\"container\" data-settings=\"{&quot;background_background&quot;:&quot;classic&quot;}\">\n\t\t\t\t\t<div class=\"e-con-inner\">\n\t\t<div class=\"elementor-element elementor-element-bf70de5 e-con-full e-flex e-con e-child\" data-id=\"bf70de5\" data-element_type=\"container\" data-settings=\"{&quot;background_background&quot;:&quot;classic&quot;}\">\n\t\t<div class=\"elementor-element elementor-element-5803823 e-con-full e-flex e-con e-child\" data-id=\"5803823\" data-element_type=\"container\">\n\t\t\t\t<div class=\"elementor-element elementor-element-b874320 elementor-widget elementor-widget-image\" data-id=\"b874320\" data-element_type=\"widget\" data-widget_type=\"image.default\">\n\t\t\t\t<div class=\"elementor-widget-container\">\n\t\t\t\t\t\t\t\t\t\t\t\t\t\t\t<img decoding=\"async\" width=\"1000\" height=\"1000\" src=\"https:\/\/mikrohes.com.tr\/wp-content\/uploads\/2024\/08\/Kizilirmak-Mikrohes-02.jpg\" class=\"attachment-large size-large wp-image-2388\" alt=\"\" srcset=\"https:\/\/mikrohes.com.tr\/wp-content\/uploads\/2024\/08\/Kizilirmak-Mikrohes-02.jpg 1000w, https:\/\/mikrohes.com.tr\/wp-content\/uploads\/2024\/08\/Kizilirmak-Mikrohes-02-300x300.jpg 300w, https:\/\/mikrohes.com.tr\/wp-content\/uploads\/2024\/08\/Kizilirmak-Mikrohes-02-150x150.jpg 150w, https:\/\/mikrohes.com.tr\/wp-content\/uploads\/2024\/08\/Kizilirmak-Mikrohes-02-768x768.jpg 768w, https:\/\/mikrohes.com.tr\/wp-content\/uploads\/2024\/08\/Kizilirmak-Mikrohes-02-1x1.jpg 1w, https:\/\/mikrohes.com.tr\/wp-content\/uploads\/2024\/08\/Kizilirmak-Mikrohes-02-10x10.jpg 10w\" sizes=\"(max-width: 1000px) 100vw, 1000px\" \/>\t\t\t\t\t\t\t\t\t\t\t\t\t\t\t<\/div>\n\t\t\t\t<\/div>\n\t\t\t\t<\/div>\n\t\t<div class=\"elementor-element elementor-element-eb8d6cc e-con-full e-flex e-con e-child\" data-id=\"eb8d6cc\" data-element_type=\"container\" data-settings=\"{&quot;background_background&quot;:&quot;classic&quot;}\">\n\t\t<div class=\"elementor-element elementor-element-bcea81b e-grid e-con-full e-con e-child\" data-id=\"bcea81b\" data-element_type=\"container\" data-settings=\"{&quot;background_background&quot;:&quot;classic&quot;}\">\n\t\t\t\t<div class=\"elementor-element elementor-element-62b9424 elementor-widget elementor-widget-theme-post-title elementor-page-title elementor-widget-heading\" data-id=\"62b9424\" data-element_type=\"widget\" data-widget_type=\"theme-post-title.default\">\n\t\t\t\t<div class=\"elementor-widget-container\">\n\t\t\t\t\t<h3 class=\"elementor-heading-title elementor-size-default\">Microhes \u00e0 K\u0131z\u0131l\u0131rmak<\/h3>\t\t\t\t<\/div>\n\t\t\t\t<\/div>\n\t\t\t\t<div class=\"elementor-element elementor-element-66775de elementor-widget elementor-widget-text_button\" data-id=\"66775de\" data-element_type=\"widget\" data-widget_type=\"text_button.default\">\n\t\t\t\t<div class=\"elementor-widget-container\">\n\t\t\t\t\t<div class=\"etheme-button-wrapper\"><a href=\"https:\/\/mikrohes.com.tr\/fr\/uygulama\/microhes-a-kizilirmak\/\" class=\"fill-ltr has-fill etheme-text-button elementor-button\" role=\"button\">\r\n        <span class=\"elementor-button-content-wrapper\">\r\n            \r\n\t\t\t<span class=\"elementor-button-text\">Detaylar<\/span>\r\n\r\n            \r\n            \r\n        <\/span><\/a><\/div>\t\t\t\t<\/div>\n\t\t\t\t<\/div>\n\t\t\t\t<\/div>\n\t\t\t\t<\/div>\n\t\t\t\t<\/div>\n\t\t\t\t\t<\/div>\n\t\t\t\t<\/div>\n\t\t\t\t<\/div>\n\t\t\t\t<div data-elementor-type=\"loop-item\" data-elementor-id=\"1119\" class=\"elementor elementor-1119 e-loop-item e-loop-item-2390 post-2390 etheme_portfolio type-etheme_portfolio status-publish has-post-thumbnail hentry portfolio_category-developpement-de-centrales-hydroelectriques portfolio_category-production-denergie-hydrocinetique-dans-les-centrales-hydroelectriques-existantes\" data-elementor-post-type=\"elementor_library\" data-custom-edit-handle=\"1\">\n\t\t\t<div class=\"elementor-element elementor-element-85e7b2d e-flex e-con-boxed e-con e-parent\" data-id=\"85e7b2d\" data-element_type=\"container\" data-settings=\"{&quot;background_background&quot;:&quot;classic&quot;}\">\n\t\t\t\t\t<div class=\"e-con-inner\">\n\t\t<div class=\"elementor-element elementor-element-bf70de5 e-con-full e-flex e-con e-child\" data-id=\"bf70de5\" data-element_type=\"container\" data-settings=\"{&quot;background_background&quot;:&quot;classic&quot;}\">\n\t\t<div class=\"elementor-element elementor-element-5803823 e-con-full e-flex e-con e-child\" data-id=\"5803823\" data-element_type=\"container\">\n\t\t\t\t<div class=\"elementor-element elementor-element-b874320 elementor-widget elementor-widget-image\" data-id=\"b874320\" data-element_type=\"widget\" data-widget_type=\"image.default\">\n\t\t\t\t<div class=\"elementor-widget-container\">\n\t\t\t\t\t\t\t\t\t\t\t\t\t\t\t<img decoding=\"async\" width=\"1000\" height=\"1000\" src=\"https:\/\/mikrohes.com.tr\/wp-content\/uploads\/2024\/08\/Bayburt-Mikrohes-02.jpg\" class=\"attachment-large size-large wp-image-2392\" alt=\"\" srcset=\"https:\/\/mikrohes.com.tr\/wp-content\/uploads\/2024\/08\/Bayburt-Mikrohes-02.jpg 1000w, https:\/\/mikrohes.com.tr\/wp-content\/uploads\/2024\/08\/Bayburt-Mikrohes-02-300x300.jpg 300w, https:\/\/mikrohes.com.tr\/wp-content\/uploads\/2024\/08\/Bayburt-Mikrohes-02-150x150.jpg 150w, https:\/\/mikrohes.com.tr\/wp-content\/uploads\/2024\/08\/Bayburt-Mikrohes-02-768x768.jpg 768w, https:\/\/mikrohes.com.tr\/wp-content\/uploads\/2024\/08\/Bayburt-Mikrohes-02-1x1.jpg 1w, https:\/\/mikrohes.com.tr\/wp-content\/uploads\/2024\/08\/Bayburt-Mikrohes-02-10x10.jpg 10w\" sizes=\"(max-width: 1000px) 100vw, 1000px\" \/>\t\t\t\t\t\t\t\t\t\t\t\t\t\t\t<\/div>\n\t\t\t\t<\/div>\n\t\t\t\t<\/div>\n\t\t<div class=\"elementor-element elementor-element-eb8d6cc e-con-full e-flex e-con e-child\" data-id=\"eb8d6cc\" data-element_type=\"container\" data-settings=\"{&quot;background_background&quot;:&quot;classic&quot;}\">\n\t\t<div class=\"elementor-element elementor-element-bcea81b e-grid e-con-full e-con e-child\" data-id=\"bcea81b\" data-element_type=\"container\" data-settings=\"{&quot;background_background&quot;:&quot;classic&quot;}\">\n\t\t\t\t<div class=\"elementor-element elementor-element-62b9424 elementor-widget elementor-widget-theme-post-title elementor-page-title elementor-widget-heading\" data-id=\"62b9424\" data-element_type=\"widget\" data-widget_type=\"theme-post-title.default\">\n\t\t\t\t<div class=\"elementor-widget-container\">\n\t\t\t\t\t<h3 class=\"elementor-heading-title elementor-size-default\">Mikrohes \u00e0 Bayburt<\/h3>\t\t\t\t<\/div>\n\t\t\t\t<\/div>\n\t\t\t\t<div class=\"elementor-element elementor-element-66775de elementor-widget elementor-widget-text_button\" data-id=\"66775de\" data-element_type=\"widget\" data-widget_type=\"text_button.default\">\n\t\t\t\t<div class=\"elementor-widget-container\">\n\t\t\t\t\t<div class=\"etheme-button-wrapper\"><a href=\"https:\/\/mikrohes.com.tr\/fr\/uygulama\/mikrohes-a-bayburt\/\" class=\"fill-ltr has-fill etheme-text-button elementor-button\" role=\"button\">\r\n        <span class=\"elementor-button-content-wrapper\">\r\n            \r\n\t\t\t<span class=\"elementor-button-text\">Detaylar<\/span>\r\n\r\n            \r\n            \r\n        <\/span><\/a><\/div>\t\t\t\t<\/div>\n\t\t\t\t<\/div>\n\t\t\t\t<\/div>\n\t\t\t\t<\/div>\n\t\t\t\t<\/div>\n\t\t\t\t\t<\/div>\n\t\t\t\t<\/div>\n\t\t\t\t<\/div>\n\t\t\t\t<div data-elementor-type=\"loop-item\" data-elementor-id=\"1119\" class=\"elementor elementor-1119 e-loop-item e-loop-item-2394 post-2394 etheme_portfolio type-etheme_portfolio status-publish has-post-thumbnail hentry portfolio_category-developpement-de-centrales-hydroelectriques\" data-elementor-post-type=\"elementor_library\" data-custom-edit-handle=\"1\">\n\t\t\t<div class=\"elementor-element elementor-element-85e7b2d e-flex e-con-boxed e-con e-parent\" data-id=\"85e7b2d\" data-element_type=\"container\" data-settings=\"{&quot;background_background&quot;:&quot;classic&quot;}\">\n\t\t\t\t\t<div class=\"e-con-inner\">\n\t\t<div class=\"elementor-element elementor-element-bf70de5 e-con-full e-flex e-con e-child\" data-id=\"bf70de5\" data-element_type=\"container\" data-settings=\"{&quot;background_background&quot;:&quot;classic&quot;}\">\n\t\t<div class=\"elementor-element elementor-element-5803823 e-con-full e-flex e-con e-child\" data-id=\"5803823\" data-element_type=\"container\">\n\t\t\t\t<div class=\"elementor-element elementor-element-b874320 elementor-widget elementor-widget-image\" data-id=\"b874320\" data-element_type=\"widget\" data-widget_type=\"image.default\">\n\t\t\t\t<div class=\"elementor-widget-container\">\n\t\t\t\t\t\t\t\t\t\t\t\t\t\t\t<img loading=\"lazy\" decoding=\"async\" width=\"1000\" height=\"1000\" src=\"https:\/\/mikrohes.com.tr\/wp-content\/uploads\/2024\/08\/Eger-HES-02.jpg\" class=\"attachment-large size-large wp-image-2396\" alt=\"\" srcset=\"https:\/\/mikrohes.com.tr\/wp-content\/uploads\/2024\/08\/Eger-HES-02.jpg 1000w, https:\/\/mikrohes.com.tr\/wp-content\/uploads\/2024\/08\/Eger-HES-02-300x300.jpg 300w, https:\/\/mikrohes.com.tr\/wp-content\/uploads\/2024\/08\/Eger-HES-02-150x150.jpg 150w, https:\/\/mikrohes.com.tr\/wp-content\/uploads\/2024\/08\/Eger-HES-02-768x768.jpg 768w, https:\/\/mikrohes.com.tr\/wp-content\/uploads\/2024\/08\/Eger-HES-02-1x1.jpg 1w, https:\/\/mikrohes.com.tr\/wp-content\/uploads\/2024\/08\/Eger-HES-02-10x10.jpg 10w\" sizes=\"(max-width: 1000px) 100vw, 1000px\" \/>\t\t\t\t\t\t\t\t\t\t\t\t\t\t\t<\/div>\n\t\t\t\t<\/div>\n\t\t\t\t<\/div>\n\t\t<div class=\"elementor-element elementor-element-eb8d6cc e-con-full e-flex e-con e-child\" data-id=\"eb8d6cc\" data-element_type=\"container\" data-settings=\"{&quot;background_background&quot;:&quot;classic&quot;}\">\n\t\t<div class=\"elementor-element elementor-element-bcea81b e-grid e-con-full e-con e-child\" data-id=\"bcea81b\" data-element_type=\"container\" data-settings=\"{&quot;background_background&quot;:&quot;classic&quot;}\">\n\t\t\t\t<div class=\"elementor-element elementor-element-62b9424 elementor-widget elementor-widget-theme-post-title elementor-page-title elementor-widget-heading\" data-id=\"62b9424\" data-element_type=\"widget\" data-widget_type=\"theme-post-title.default\">\n\t\t\t\t<div class=\"elementor-widget-container\">\n\t\t\t\t\t<h3 class=\"elementor-heading-title elementor-size-default\">Eger HES<\/h3>\t\t\t\t<\/div>\n\t\t\t\t<\/div>\n\t\t\t\t<div class=\"elementor-element elementor-element-66775de elementor-widget elementor-widget-text_button\" data-id=\"66775de\" data-element_type=\"widget\" data-widget_type=\"text_button.default\">\n\t\t\t\t<div class=\"elementor-widget-container\">\n\t\t\t\t\t<div class=\"etheme-button-wrapper\"><a href=\"https:\/\/mikrohes.com.tr\/fr\/uygulama\/eger-hes\/\" class=\"fill-ltr has-fill etheme-text-button elementor-button\" role=\"button\">\r\n        <span class=\"elementor-button-content-wrapper\">\r\n            \r\n\t\t\t<span class=\"elementor-button-text\">Detaylar<\/span>\r\n\r\n            \r\n            \r\n        <\/span><\/a><\/div>\t\t\t\t<\/div>\n\t\t\t\t<\/div>\n\t\t\t\t<\/div>\n\t\t\t\t<\/div>\n\t\t\t\t<\/div>\n\t\t\t\t\t<\/div>\n\t\t\t\t<\/div>\n\t\t\t\t<\/div>\n\t\t\t\t<\/div>\n\t\t\n\t\t\t\t\t\t<\/div>\n\t\t\t\t<\/div>\n\t\t\t\t<\/div>\n\t\t\t\t<\/div>\n\t\t","protected":false},"excerpt":{"rendered":"<p>Applications | Mikrohes<\/p>\n","protected":false},"author":1,"featured_media":0,"parent":0,"menu_order":0,"comment_status":"closed","ping_status":"closed","template":"elementor_header_footer","meta":{"footnotes":""},"class_list":["post-2470","page","type-page","status-publish","hentry"],"_links":{"self":[{"href":"https:\/\/mikrohes.com.tr\/fr\/wp-json\/wp\/v2\/pages\/2470","targetHints":{"allow":["GET"]}}],"collection":[{"href":"https:\/\/mikrohes.com.tr\/fr\/wp-json\/wp\/v2\/pages"}],"about":[{"href":"https:\/\/mikrohes.com.tr\/fr\/wp-json\/wp\/v2\/types\/page"}],"author":[{"embeddable":true,"href":"https:\/\/mikrohes.com.tr\/fr\/wp-json\/wp\/v2\/users\/1"}],"replies":[{"embeddable":true,"href":"https:\/\/mikrohes.com.tr\/fr\/wp-json\/wp\/v2\/comments?post=2470"}],"version-history":[{"count":1,"href":"https:\/\/mikrohes.com.tr\/fr\/wp-json\/wp\/v2\/pages\/2470\/revisions"}],"predecessor-version":[{"id":2472,"href":"https:\/\/mikrohes.com.tr\/fr\/wp-json\/wp\/v2\/pages\/2470\/revisions\/2472"}],"wp:attachment":[{"href":"https:\/\/mikrohes.com.tr\/fr\/wp-json\/wp\/v2\/media?parent=2470"}],"curies":[{"name":"wp","href":"https:\/\/api.w.org\/{rel}","templated":true}]}}