{"id":2458,"date":"2024-08-20T19:40:42","date_gmt":"2024-08-20T16:40:42","guid":{"rendered":"https:\/\/mikrohes.com.tr\/energie-durable\/"},"modified":"2024-12-10T21:20:34","modified_gmt":"2024-12-10T18:20:34","slug":"energie-durable","status":"publish","type":"page","link":"https:\/\/mikrohes.com.tr\/fr\/energie-durable\/","title":{"rendered":"\u00c9nergie durable"},"content":{"rendered":"\t\t<div data-elementor-type=\"wp-page\" data-elementor-id=\"2458\" class=\"elementor elementor-2458 elementor-1483\" data-elementor-post-type=\"page\">\n\t\t\t\t<div class=\"elementor-element elementor-element-89002b0 e-con-full e-flex e-con e-parent\" data-id=\"89002b0\" data-element_type=\"container\" data-settings=\"{&quot;background_background&quot;:&quot;classic&quot;}\">\n\t\t\t\t<div class=\"elementor-element elementor-element-c609332 elementor-widget elementor-widget-heading\" data-id=\"c609332\" data-element_type=\"widget\" data-widget_type=\"heading.default\">\n\t\t\t\t<div class=\"elementor-widget-container\">\n\t\t\t\t\t<h1 class=\"elementor-heading-title elementor-size-default\">\u00c9nergie durable<\/h1>\t\t\t\t<\/div>\n\t\t\t\t<\/div>\n\t\t\t\t<\/div>\n\t\t<div class=\"elementor-element elementor-element-84af4ec e-flex e-con-boxed e-con e-parent\" data-id=\"84af4ec\" data-element_type=\"container\">\n\t\t\t\t\t<div class=\"e-con-inner\">\n\t\t<div class=\"elementor-element elementor-element-3482214 e-con-full e-flex e-con e-child\" data-id=\"3482214\" data-element_type=\"container\">\n\t\t\t\t<div class=\"elementor-element elementor-element-bf03d39 elementor-widget elementor-widget-heading\" data-id=\"bf03d39\" data-element_type=\"widget\" data-widget_type=\"heading.default\">\n\t\t\t\t<div class=\"elementor-widget-container\">\n\t\t\t\t\t<h2 class=\"elementor-heading-title elementor-size-default\">Objectif durable et \u00e9nergie durable<\/h2>\t\t\t\t<\/div>\n\t\t\t\t<\/div>\n\t\t\t\t<div class=\"elementor-element elementor-element-343afe7 elementor-widget elementor-widget-text-editor\" data-id=\"343afe7\" data-element_type=\"widget\" data-widget_type=\"text-editor.default\">\n\t\t\t\t<div class=\"elementor-widget-container\">\n\t\t\t\t\t\t\t\t\t\u00c0 l&rsquo;\u00e9chelle mondiale, le changement climatique et les questions de durabilit\u00e9 environnementale remod\u00e8lent le secteur de la production d&rsquo;\u00e9lectricit\u00e9. Les engagements pris lors de la COP28 soulignent les efforts d\u00e9ploy\u00e9s au niveau mondial pour augmenter la capacit\u00e9 des \u00e9nergies renouvelables et am\u00e9liorer l&rsquo;efficacit\u00e9 \u00e9nerg\u00e9tique. Il s&rsquo;agit d&rsquo;une \u00e9tape importante dans la construction d&rsquo;un avenir \u00e9nerg\u00e9tique plus propre et durable dans le monde entier.\nEn tant que Mikrohes, nous faisons partie de cette vague de changement. Avec les syst\u00e8mes de turbines \u00e0 vis d&rsquo;Archim\u00e8de et d&rsquo;autres projets innovants, nous contribuons \u00e0 la production d&rsquo;\u00e9nergie respectueuse de l&rsquo;environnement. Nos solutions visant \u00e0 accro\u00eetre l&rsquo;efficacit\u00e9 \u00e9nerg\u00e9tique offrent des options \u00e9nerg\u00e9tiques durables en termes environnementaux et \u00e9conomiques. Nous concevons et mettons en \u0153uvre nos projets de mani\u00e8re m\u00e9ticuleuse, en particulier pour l&rsquo;utilisation durable du potentiel hydro\u00e9lectrique.     \t\t\t\t\t\t\t\t<\/div>\n\t\t\t\t<\/div>\n\t\t\t\t<div class=\"elementor-element elementor-element-a5eaf76 elementor-widget elementor-widget-text-editor\" data-id=\"a5eaf76\" data-element_type=\"widget\" data-widget_type=\"text-editor.default\">\n\t\t\t\t<div class=\"elementor-widget-container\">\n\t\t\t\t\t\t\t\t\t<p>Comme l&rsquo;indique la d\u00e9claration de San Jos\u00e9 de 2021, le seul mod\u00e8le hydro\u00e9lectrique acceptable \u00e0 l&rsquo;avenir sera l&rsquo;hydro\u00e9lectricit\u00e9 durable. Dans ce contexte, l&rsquo;analyse minutieuse des facteurs environnementaux, sociaux et \u00e9conomiques joue un r\u00f4le essentiel dans la mise en \u0153uvre r\u00e9ussie des projets hydro\u00e9lectriques. En tant que Mikrohes, nous adoptons le concept de production d&rsquo;\u00e9nergie sans perturber l&rsquo;\u00e9coulement naturel de l&rsquo;eau dans nos projets hydro\u00e9lectriques. Nous d\u00e9veloppons nos projets en r\u00e9alisant des analyses d\u00e9taill\u00e9es sur le d\u00e9bit de l&rsquo;eau, la dynamique des rivi\u00e8res et les impacts environnementaux. Nous agissons avec la conscience de la responsabilit\u00e9 environnementale dans la production d&rsquo;\u00e9nergie durable. Avec les syst\u00e8mes de turbines \u00e0 vis d&rsquo;Archim\u00e8de, nous utilisons une technologie de production d&rsquo;\u00e9nergie sans s\u00e9parer l&rsquo;eau de son lit et donnons la priorit\u00e9 \u00e0 la protection des \u00e9cosyst\u00e8mes aquatiques. Cette approche nous permet d&rsquo;utiliser efficacement les ressources \u00e9nerg\u00e9tiques renouvelables tout en minimisant les dommages caus\u00e9s \u00e0 l&rsquo;environnement. \u00c0 l&rsquo;avenir, nous continuerons \u00e0 suivre les derniers d\u00e9veloppements technologiques dans le secteur, \u00e0 actualiser constamment nos projets et \u00e0 garantir l&rsquo;\u00e9quilibre entre la production d&rsquo;\u00e9nergie durable et la protection de l&rsquo;environnement.       <\/p>\n\t\t\t\t\t\t\t\t<\/div>\n\t\t\t\t<\/div>\n\t\t\t\t<\/div>\n\t\t<div class=\"elementor-element elementor-element-d1bed7b e-con-full e-flex e-con e-child\" data-id=\"d1bed7b\" data-element_type=\"container\" data-settings=\"{&quot;sticky&quot;:&quot;top&quot;,&quot;sticky_offset&quot;:100,&quot;sticky_parent&quot;:&quot;yes&quot;,&quot;sticky_on&quot;:[&quot;desktop&quot;,&quot;tablet&quot;,&quot;mobile&quot;],&quot;sticky_effects_offset&quot;:0,&quot;sticky_anchor_link_offset&quot;:0}\">\n\t\t\t\t<div class=\"elementor-element elementor-element-5c9363e elementor-widget elementor-widget-etheme_static_block\" data-id=\"5c9363e\" data-element_type=\"widget\" data-widget_type=\"etheme_static_block.default\">\n\t\t\t\t<div class=\"elementor-widget-container\">\n\t\t\t\t\t\t    <div class=\"etheme-static_block-wrapper\">\r\n\t            <div class=\"et-no-preview\"><h3>8theme - Static Block<\/h3><p>No preview available.<\/p><\/div><style>\r\n                .et-no-preview{\r\n                    font-size: 13px;\r\n                    background: #f0f0f0;\r\n                    padding: 8px 12px;\r\n                    color: #000;\r\n                    font-family: -apple-system,BlinkMacSystemFont,Segoe UI,Roboto,Oxygen-Sans,Ubuntu,Cantarell,Helvetica Neue,sans-serif;\r\n                }\r\n                .et-no-preview h3 {\r\n                    font-size: 14px;\r\n                    font-family: inherit;\r\n                    font-weight: 600;\r\n                    margin: 4px 0;\r\n                }\r\n                .et-no-preview p {\r\n                    margin: 4px 0;\r\n                    font-size: 13px;\r\n                }\r\n            <\/style>\t\t<\/div>\r\n\t\t\t\t\t\t<\/div>\n\t\t\t\t<\/div>\n\t\t\t\t<\/div>\n\t\t\t\t\t<\/div>\n\t\t\t\t<\/div>\n\t\t\t\t<\/div>\n\t\t","protected":false},"excerpt":{"rendered":"<p>\u00c9nergie durable Objectif durable et \u00e9nergie durable \u00c0 l&rsquo;\u00e9chelle mondiale, le changement climatique et les questions de durabilit\u00e9 environnementale remod\u00e8lent le secteur de la production&#8230;<\/p>\n","protected":false},"author":1,"featured_media":0,"parent":0,"menu_order":0,"comment_status":"closed","ping_status":"closed","template":"elementor_header_footer","meta":{"footnotes":""},"class_list":["post-2458","page","type-page","status-publish","hentry"],"_links":{"self":[{"href":"https:\/\/mikrohes.com.tr\/fr\/wp-json\/wp\/v2\/pages\/2458","targetHints":{"allow":["GET"]}}],"collection":[{"href":"https:\/\/mikrohes.com.tr\/fr\/wp-json\/wp\/v2\/pages"}],"about":[{"href":"https:\/\/mikrohes.com.tr\/fr\/wp-json\/wp\/v2\/types\/page"}],"author":[{"embeddable":true,"href":"https:\/\/mikrohes.com.tr\/fr\/wp-json\/wp\/v2\/users\/1"}],"replies":[{"embeddable":true,"href":"https:\/\/mikrohes.com.tr\/fr\/wp-json\/wp\/v2\/comments?post=2458"}],"version-history":[{"count":1,"href":"https:\/\/mikrohes.com.tr\/fr\/wp-json\/wp\/v2\/pages\/2458\/revisions"}],"predecessor-version":[{"id":2459,"href":"https:\/\/mikrohes.com.tr\/fr\/wp-json\/wp\/v2\/pages\/2458\/revisions\/2459"}],"wp:attachment":[{"href":"https:\/\/mikrohes.com.tr\/fr\/wp-json\/wp\/v2\/media?parent=2458"}],"curies":[{"name":"wp","href":"https:\/\/api.w.org\/{rel}","templated":true}]}}