{"id":2449,"date":"2024-08-03T19:50:54","date_gmt":"2024-08-03T16:50:54","guid":{"rendered":"https:\/\/mikrohes.com.tr\/developpement-de-centrales-hydroelectriques-dans-le-cadre-de-la-production-delectricite-autorisee\/"},"modified":"2024-12-10T20:00:30","modified_gmt":"2024-12-10T17:00:30","slug":"developpement-de-centrales-hydroelectriques-dans-le-cadre-de-la-production-delectricite-autorisee","status":"publish","type":"page","link":"https:\/\/mikrohes.com.tr\/fr\/developpement-de-centrales-hydroelectriques-dans-le-cadre-de-la-production-delectricite-autorisee\/","title":{"rendered":"D\u00e9veloppement de centrales hydro\u00e9lectriques dans le cadre de la production d&rsquo;\u00e9lectricit\u00e9 autoris\u00e9e"},"content":{"rendered":"\t\t<div data-elementor-type=\"wp-page\" data-elementor-id=\"2449\" class=\"elementor elementor-2449 elementor-293\" data-elementor-post-type=\"page\">\n\t\t\t\t<div class=\"elementor-element elementor-element-f55f128 e-con-full e-flex e-con e-parent\" data-id=\"f55f128\" data-element_type=\"container\" data-settings=\"{&quot;background_background&quot;:&quot;classic&quot;}\">\n\t\t\t\t<div class=\"elementor-element elementor-element-ff7a91f elementor-widget elementor-widget-heading\" data-id=\"ff7a91f\" data-element_type=\"widget\" data-widget_type=\"heading.default\">\n\t\t\t\t<div class=\"elementor-widget-container\">\n\t\t\t\t\t<h1 class=\"elementor-heading-title elementor-size-default\">D\u00e9veloppement de centrales hydro\u00e9lectriques dans le cadre de la production d'\u00e9lectricit\u00e9 autoris\u00e9e<\/h1>\t\t\t\t<\/div>\n\t\t\t\t<\/div>\n\t\t\t\t<\/div>\n\t\t<div class=\"elementor-element elementor-element-217cf04 e-flex e-con-boxed e-con e-parent\" data-id=\"217cf04\" data-element_type=\"container\">\n\t\t\t\t\t<div class=\"e-con-inner\">\n\t\t\t\t<div class=\"elementor-element elementor-element-0d74705 elementor-widget elementor-widget-text-editor\" data-id=\"0d74705\" data-element_type=\"widget\" data-widget_type=\"text-editor.default\">\n\t\t\t\t<div class=\"elementor-widget-container\">\n\t\t\t\t\t\t\t\t\t<p><strong>Mikrohes contribue \u00e0 la production d&rsquo;\u00e9nergie durable en rendant les projets \u00e0 faible chute et \u00e0 faible d\u00e9bit efficaces et \u00e9conomiques gr\u00e2ce au syst\u00e8me de turbine \u00e0 vis d&rsquo;Archim\u00e8de. Notre entreprise, qui a sign\u00e9 de nombreux projets r\u00e9ussis dans notre pays et dans le monde, continue \u00e0 faire la diff\u00e9rence dans la production d&rsquo;\u00e9nergie gr\u00e2ce \u00e0 des solutions innovantes.  Pour des informations d\u00e9taill\u00e9es et des demandes de projets, vous pouvez visiter notre site web ou nous contacter.<\/strong><\/p>\n\t\t\t\t\t\t\t\t<\/div>\n\t\t\t\t<\/div>\n\t\t\t\t\t<\/div>\n\t\t\t\t<\/div>\n\t\t<div class=\"elementor-element elementor-element-7466156 e-flex e-con-boxed e-con e-parent\" data-id=\"7466156\" data-element_type=\"container\">\n\t\t\t\t\t<div class=\"e-con-inner\">\n\t\t<div class=\"elementor-element elementor-element-02d418b e-con-full e-flex e-con e-child\" data-id=\"02d418b\" data-element_type=\"container\">\n\t\t\t\t<div class=\"elementor-element elementor-element-8690560 elementor-widget elementor-widget-heading\" data-id=\"8690560\" data-element_type=\"widget\" data-widget_type=\"heading.default\">\n\t\t\t\t<div class=\"elementor-widget-container\">\n\t\t\t\t\t<h2 class=\"elementor-heading-title elementor-size-default\">D\u00e9veloppement d'une centrale hydro\u00e9lectrique dans le cadre de la production d'\u00e9lectricit\u00e9 sous licence: Syst\u00e8me de turbine \u00e0 vis d'Archim\u00e8de<\/h2>\t\t\t\t<\/div>\n\t\t\t\t<\/div>\n\t\t\t\t<div class=\"elementor-element elementor-element-abf97b3 elementor-widget elementor-widget-text-editor\" data-id=\"abf97b3\" data-element_type=\"widget\" data-widget_type=\"text-editor.default\">\n\t\t\t\t<div class=\"elementor-widget-container\">\n\t\t\t\t\t\t\t\t\t<p>Mikrohes Enerji ve Teknoloji A.\u015e. est une soci\u00e9t\u00e9 sp\u00e9cialis\u00e9e dans le d\u00e9veloppement de projets de centrales hydro\u00e9lectriques. Elle propose des solutions innovantes, en particulier pour les projets \u00e0 faible hauteur de chute et \u00e9conomiquement inefficaces, et assure la r\u00e9\u00e9valuation de ces projets gr\u00e2ce au syst\u00e8me de turbine \u00e0 vis d&rsquo;Archim\u00e8de.<\/p>\n\t\t\t\t\t\t\t\t<\/div>\n\t\t\t\t<\/div>\n\t\t\t\t<div class=\"elementor-element elementor-element-ced0ccf elementor-widget elementor-widget-image\" data-id=\"ced0ccf\" data-element_type=\"widget\" data-widget_type=\"image.default\">\n\t\t\t\t<div class=\"elementor-widget-container\">\n\t\t\t\t\t\t\t\t\t\t\t\t\t\t\t<img fetchpriority=\"high\" decoding=\"async\" width=\"1024\" height=\"427\" src=\"https:\/\/mikrohes.com.tr\/wp-content\/uploads\/2024\/08\/Arsimet-Burgu-Turbin-Sistemi-01-01-1024x427.jpg\" class=\"attachment-large size-large wp-image-2381\" alt=\"\" srcset=\"https:\/\/mikrohes.com.tr\/wp-content\/uploads\/2024\/08\/Arsimet-Burgu-Turbin-Sistemi-01-01-1024x427.jpg 1024w, https:\/\/mikrohes.com.tr\/wp-content\/uploads\/2024\/08\/Arsimet-Burgu-Turbin-Sistemi-01-01-300x125.jpg 300w, https:\/\/mikrohes.com.tr\/wp-content\/uploads\/2024\/08\/Arsimet-Burgu-Turbin-Sistemi-01-01-768x320.jpg 768w, https:\/\/mikrohes.com.tr\/wp-content\/uploads\/2024\/08\/Arsimet-Burgu-Turbin-Sistemi-01-01-1536x640.jpg 1536w, https:\/\/mikrohes.com.tr\/wp-content\/uploads\/2024\/08\/Arsimet-Burgu-Turbin-Sistemi-01-01-1x1.jpg 1w, https:\/\/mikrohes.com.tr\/wp-content\/uploads\/2024\/08\/Arsimet-Burgu-Turbin-Sistemi-01-01-10x4.jpg 10w, https:\/\/mikrohes.com.tr\/wp-content\/uploads\/2024\/08\/Arsimet-Burgu-Turbin-Sistemi-01-01.jpg 1920w\" sizes=\"(max-width: 1024px) 100vw, 1024px\" \/>\t\t\t\t\t\t\t\t\t\t\t\t\t\t\t<\/div>\n\t\t\t\t<\/div>\n\t\t\t\t<div class=\"elementor-element elementor-element-bb0ee48 elementor-widget elementor-widget-heading\" data-id=\"bb0ee48\" data-element_type=\"widget\" data-widget_type=\"heading.default\">\n\t\t\t\t<div class=\"elementor-widget-container\">\n\t\t\t\t\t<h3 class=\"elementor-heading-title elementor-size-default\">Syst\u00e8me de turbine \u00e0 vis d'Archim\u00e8de:\n<\/h3>\t\t\t\t<\/div>\n\t\t\t\t<\/div>\n\t\t\t\t<div class=\"elementor-element elementor-element-ee0e97b elementor-widget elementor-widget-text-editor\" data-id=\"ee0e97b\" data-element_type=\"widget\" data-widget_type=\"text-editor.default\">\n\t\t\t\t<div class=\"elementor-widget-container\">\n\t\t\t\t\t\t\t\t\t<p>Le syst\u00e8me de turbine \u00e0 vis d&rsquo;Archim\u00e8de est con\u00e7u pour utiliser efficacement le potentiel de production d&rsquo;\u00e9nergie des cours d&rsquo;eau \u00e0 faible hauteur de chute et \u00e0 faible d\u00e9bit. Ce syst\u00e8me offre une efficacit\u00e9 \u00e9lev\u00e9e, m\u00eame \u00e0 faible vitesse, et permet de r\u00e9\u00e9valuer des projets non rentables en termes d&rsquo;efficacit\u00e9 \u00e9nerg\u00e9tique. <\/p>\n\t\t\t\t\t\t\t\t<\/div>\n\t\t\t\t<\/div>\n\t\t\t\t<div class=\"elementor-element elementor-element-860f91c elementor-widget elementor-widget-heading\" data-id=\"860f91c\" data-element_type=\"widget\" data-widget_type=\"heading.default\">\n\t\t\t\t<div class=\"elementor-widget-container\">\n\t\t\t\t\t<h3 class=\"elementor-heading-title elementor-size-default\">Les applications r\u00e9ussies en Turquie et dans le monde:\n<\/h3>\t\t\t\t<\/div>\n\t\t\t\t<\/div>\n\t\t\t\t<div class=\"elementor-element elementor-element-f2b0182 elementor-widget elementor-widget-text-editor\" data-id=\"f2b0182\" data-element_type=\"widget\" data-widget_type=\"text-editor.default\">\n\t\t\t\t<div class=\"elementor-widget-container\">\n\t\t\t\t\t\t\t\t\t<p>Mikrohes a d\u00e9velopp\u00e9 de nombreuses centrales hydro\u00e9lectriques \u00e9conomiquement et techniquement efficaces en Turquie et dans le monde. Dans notre pays, ce sont surtout les projets \u00e0 faible d\u00e9nivel\u00e9 et les projets \u00e9conomiquement peu attrayants qui sont repens\u00e9s avec le syst\u00e8me de turbine \u00e0 vis d&rsquo;Archim\u00e8de et transform\u00e9s en installations de production d&rsquo;\u00e9lectricit\u00e9 efficaces. <\/p>\n\t\t\t\t\t\t\t\t<\/div>\n\t\t\t\t<\/div>\n\t\t\t\t<div class=\"elementor-element elementor-element-f16a35f elementor-widget elementor-widget-heading\" data-id=\"f16a35f\" data-element_type=\"widget\" data-widget_type=\"heading.default\">\n\t\t\t\t<div class=\"elementor-widget-container\">\n\t\t\t\t\t<h3 class=\"elementor-heading-title elementor-size-default\">Augmentation de l'efficacit\u00e9 avec des structures \u00e9chelonn\u00e9es:\n<\/h3>\t\t\t\t<\/div>\n\t\t\t\t<\/div>\n\t\t\t\t<div class=\"elementor-element elementor-element-1001a90 elementor-widget elementor-widget-text-editor\" data-id=\"1001a90\" data-element_type=\"widget\" data-widget_type=\"text-editor.default\">\n\t\t\t\t<div class=\"elementor-widget-container\">\n\t\t\t\t\t\t\t\t\t<p>Dans les zones \u00e0 faible chute, l&rsquo;\u00e9nergie de l&rsquo;eau est utilis\u00e9e au maximum en cr\u00e9ant plusieurs structures \u00e9chelonn\u00e9es avec le syst\u00e8me de turbine \u00e0 vis d&rsquo;Archim\u00e8de. Cette approche augmente la production d&rsquo;\u00e9nergie et rend les projets \u00e0 faible d\u00e9bit et \u00e0 faible chute \u00e9conomiquement r\u00e9alisables. <\/p>\n\t\t\t\t\t\t\t\t<\/div>\n\t\t\t\t<\/div>\n\t\t\t\t<div class=\"elementor-element elementor-element-a556a47 elementor-widget elementor-widget-heading\" data-id=\"a556a47\" data-element_type=\"widget\" data-widget_type=\"heading.default\">\n\t\t\t\t<div class=\"elementor-widget-container\">\n\t\t\t\t\t<h3 class=\"elementor-heading-title elementor-size-default\">Processus du projet:<\/h3>\t\t\t\t<\/div>\n\t\t\t\t<\/div>\n\t\t<div class=\"elementor-element elementor-element-28cf306 e-grid e-con-full e-con e-child\" data-id=\"28cf306\" data-element_type=\"container\">\n\t\t\t\t<div class=\"elementor-element elementor-element-c507728 elementor-view-default elementor-position-top elementor-mobile-position-top elementor-widget elementor-widget-icon-box\" data-id=\"c507728\" data-element_type=\"widget\" data-widget_type=\"icon-box.default\">\n\t\t\t\t<div class=\"elementor-widget-container\">\n\t\t\t\t\t\t\t<div class=\"elementor-icon-box-wrapper\">\n\n\t\t\t\t\t\t<div class=\"elementor-icon-box-icon\">\n\t\t\t\t<span  class=\"elementor-icon\">\n\t\t\t\t<svg aria-hidden=\"true\" class=\"e-font-icon-svg e-far-check-circle\" viewBox=\"0 0 512 512\" xmlns=\"http:\/\/www.w3.org\/2000\/svg\"><path d=\"M256 8C119.033 8 8 119.033 8 256s111.033 248 248 248 248-111.033 248-248S392.967 8 256 8zm0 48c110.532 0 200 89.451 200 200 0 110.532-89.451 200-200 200-110.532 0-200-89.451-200-200 0-110.532 89.451-200 200-200m140.204 130.267l-22.536-22.718c-4.667-4.705-12.265-4.736-16.97-.068L215.346 303.697l-59.792-60.277c-4.667-4.705-12.265-4.736-16.97-.069l-22.719 22.536c-4.705 4.667-4.736 12.265-.068 16.971l90.781 91.516c4.667 4.705 12.265 4.736 16.97.068l172.589-171.204c4.704-4.668 4.734-12.266.067-16.971z\"><\/path><\/svg>\t\t\t\t<\/span>\n\t\t\t<\/div>\n\t\t\t\n\t\t\t\t\t\t<div class=\"elementor-icon-box-content\">\n\n\t\t\t\t\t\t\t\t\t<h4 class=\"elementor-icon-box-title\">\n\t\t\t\t\t\t<span  >\n\t\t\t\t\t\t\t\u00c9valuation\t\t\t\t\t\t<\/span>\n\t\t\t\t\t<\/h4>\n\t\t\t\t\n\t\t\t\t\t\t\t\t\t<p class=\"elementor-icon-box-description\">\n\t\t\t\t\t\tLa premi\u00e8re \u00e9tape consiste en une \u00e9valuation d\u00e9taill\u00e9e du site du projet. Le d\u00e9bit, la chute et le potentiel existant de la source d'eau sont analys\u00e9s. \t\t\t\t\t<\/p>\n\t\t\t\t\n\t\t\t<\/div>\n\t\t\t\n\t\t<\/div>\n\t\t\t\t\t\t<\/div>\n\t\t\t\t<\/div>\n\t\t\t\t<div class=\"elementor-element elementor-element-a188fa5 elementor-view-default elementor-position-top elementor-mobile-position-top elementor-widget elementor-widget-icon-box\" data-id=\"a188fa5\" data-element_type=\"widget\" data-widget_type=\"icon-box.default\">\n\t\t\t\t<div class=\"elementor-widget-container\">\n\t\t\t\t\t\t\t<div class=\"elementor-icon-box-wrapper\">\n\n\t\t\t\t\t\t<div class=\"elementor-icon-box-icon\">\n\t\t\t\t<span  class=\"elementor-icon\">\n\t\t\t\t<svg aria-hidden=\"true\" class=\"e-font-icon-svg e-far-check-circle\" viewBox=\"0 0 512 512\" xmlns=\"http:\/\/www.w3.org\/2000\/svg\"><path d=\"M256 8C119.033 8 8 119.033 8 256s111.033 248 248 248 248-111.033 248-248S392.967 8 256 8zm0 48c110.532 0 200 89.451 200 200 0 110.532-89.451 200-200 200-110.532 0-200-89.451-200-200 0-110.532 89.451-200 200-200m140.204 130.267l-22.536-22.718c-4.667-4.705-12.265-4.736-16.97-.068L215.346 303.697l-59.792-60.277c-4.667-4.705-12.265-4.736-16.97-.069l-22.719 22.536c-4.705 4.667-4.736 12.265-.068 16.971l90.781 91.516c4.667 4.705 12.265 4.736 16.97.068l172.589-171.204c4.704-4.668 4.734-12.266.067-16.971z\"><\/path><\/svg>\t\t\t\t<\/span>\n\t\t\t<\/div>\n\t\t\t\n\t\t\t\t\t\t<div class=\"elementor-icon-box-content\">\n\n\t\t\t\t\t\t\t\t\t<h4 class=\"elementor-icon-box-title\">\n\t\t\t\t\t\t<span  >\n\t\t\t\t\t\t\tConception du projet\t\t\t\t\t\t<\/span>\n\t\t\t\t\t<\/h4>\n\t\t\t\t\n\t\t\t\t\t\t\t\t\t<p class=\"elementor-icon-box-description\">\n\t\t\t\t\t\tSelon les r\u00e9sultats de l'\u00e9valuation, un projet de centrale hydro\u00e9lectrique efficace avec plusieurs structures en cascade est cr\u00e9\u00e9 en utilisant le syst\u00e8me de turbine \u00e0 vis d'Archim\u00e8de.\t\t\t\t\t<\/p>\n\t\t\t\t\n\t\t\t<\/div>\n\t\t\t\n\t\t<\/div>\n\t\t\t\t\t\t<\/div>\n\t\t\t\t<\/div>\n\t\t\t\t<div class=\"elementor-element elementor-element-a64977c elementor-view-default elementor-position-top elementor-mobile-position-top elementor-widget elementor-widget-icon-box\" data-id=\"a64977c\" data-element_type=\"widget\" data-widget_type=\"icon-box.default\">\n\t\t\t\t<div class=\"elementor-widget-container\">\n\t\t\t\t\t\t\t<div class=\"elementor-icon-box-wrapper\">\n\n\t\t\t\t\t\t<div class=\"elementor-icon-box-icon\">\n\t\t\t\t<span  class=\"elementor-icon\">\n\t\t\t\t<svg aria-hidden=\"true\" class=\"e-font-icon-svg e-far-check-circle\" viewBox=\"0 0 512 512\" xmlns=\"http:\/\/www.w3.org\/2000\/svg\"><path d=\"M256 8C119.033 8 8 119.033 8 256s111.033 248 248 248 248-111.033 248-248S392.967 8 256 8zm0 48c110.532 0 200 89.451 200 200 0 110.532-89.451 200-200 200-110.532 0-200-89.451-200-200 0-110.532 89.451-200 200-200m140.204 130.267l-22.536-22.718c-4.667-4.705-12.265-4.736-16.97-.068L215.346 303.697l-59.792-60.277c-4.667-4.705-12.265-4.736-16.97-.069l-22.719 22.536c-4.705 4.667-4.736 12.265-.068 16.971l90.781 91.516c4.667 4.705 12.265 4.736 16.97.068l172.589-171.204c4.704-4.668 4.734-12.266.067-16.971z\"><\/path><\/svg>\t\t\t\t<\/span>\n\t\t\t<\/div>\n\t\t\t\n\t\t\t\t\t\t<div class=\"elementor-icon-box-content\">\n\n\t\t\t\t\t\t\t\t\t<h4 class=\"elementor-icon-box-title\">\n\t\t\t\t\t\t<span  >\n\t\t\t\t\t\t\tApplication\t\t\t\t\t\t<\/span>\n\t\t\t\t\t<\/h4>\n\t\t\t\t\n\t\t\t\t\t\t\t\t\t<p class=\"elementor-icon-box-description\">\n\t\t\t\t\t\tPendant la phase de mise en \u0153uvre du projet, le travail est effectu\u00e9 m\u00e9ticuleusement selon des normes de qualit\u00e9 \u00e9lev\u00e9es.\n\t\t\t\t\t<\/p>\n\t\t\t\t\n\t\t\t<\/div>\n\t\t\t\n\t\t<\/div>\n\t\t\t\t\t\t<\/div>\n\t\t\t\t<\/div>\n\t\t\t\t<div class=\"elementor-element elementor-element-f26f866 elementor-view-default elementor-position-top elementor-mobile-position-top elementor-widget elementor-widget-icon-box\" data-id=\"f26f866\" data-element_type=\"widget\" data-widget_type=\"icon-box.default\">\n\t\t\t\t<div class=\"elementor-widget-container\">\n\t\t\t\t\t\t\t<div class=\"elementor-icon-box-wrapper\">\n\n\t\t\t\t\t\t<div class=\"elementor-icon-box-icon\">\n\t\t\t\t<span  class=\"elementor-icon\">\n\t\t\t\t<svg aria-hidden=\"true\" class=\"e-font-icon-svg e-far-check-circle\" viewBox=\"0 0 512 512\" xmlns=\"http:\/\/www.w3.org\/2000\/svg\"><path d=\"M256 8C119.033 8 8 119.033 8 256s111.033 248 248 248 248-111.033 248-248S392.967 8 256 8zm0 48c110.532 0 200 89.451 200 200 0 110.532-89.451 200-200 200-110.532 0-200-89.451-200-200 0-110.532 89.451-200 200-200m140.204 130.267l-22.536-22.718c-4.667-4.705-12.265-4.736-16.97-.068L215.346 303.697l-59.792-60.277c-4.667-4.705-12.265-4.736-16.97-.069l-22.719 22.536c-4.705 4.667-4.736 12.265-.068 16.971l90.781 91.516c4.667 4.705 12.265 4.736 16.97.068l172.589-171.204c4.704-4.668 4.734-12.266.067-16.971z\"><\/path><\/svg>\t\t\t\t<\/span>\n\t\t\t<\/div>\n\t\t\t\n\t\t\t\t\t\t<div class=\"elementor-icon-box-content\">\n\n\t\t\t\t\t\t\t\t\t<h4 class=\"elementor-icon-box-title\">\n\t\t\t\t\t\t<span  >\n\t\t\t\t\t\t\tAch\u00e8vement et maintenance\t\t\t\t\t\t<\/span>\n\t\t\t\t\t<\/h4>\n\t\t\t\t\n\t\t\t\t\t\t\t\t\t<p class=\"elementor-icon-box-description\">\n\t\t\t\t\t\tApr\u00e8s l'ach\u00e8vement du projet, des activit\u00e9s r\u00e9guli\u00e8res d'entretien et de surveillance sont men\u00e9es pour assurer le fonctionnement efficace de la centrale \u00e9lectrique.\n\t\t\t\t\t<\/p>\n\t\t\t\t\n\t\t\t<\/div>\n\t\t\t\n\t\t<\/div>\n\t\t\t\t\t\t<\/div>\n\t\t\t\t<\/div>\n\t\t\t\t<\/div>\n\t\t\t\t<div class=\"elementor-element elementor-element-413bf49 elementor-widget elementor-widget-heading\" data-id=\"413bf49\" data-element_type=\"widget\" data-widget_type=\"heading.default\">\n\t\t\t\t<div class=\"elementor-widget-container\">\n\t\t\t\t\t<h3 class=\"elementor-heading-title elementor-size-default\">Conclusion:<\/h3>\t\t\t\t<\/div>\n\t\t\t\t<\/div>\n\t\t\t\t<div class=\"elementor-element elementor-element-27794b2 elementor-widget elementor-widget-text-editor\" data-id=\"27794b2\" data-element_type=\"widget\" data-widget_type=\"text-editor.default\">\n\t\t\t\t<div class=\"elementor-widget-container\">\n\t\t\t\t\t\t\t\t\t<p>Mikrohes contribue \u00e0 la production d&rsquo;\u00e9nergie durable en rendant les projets \u00e0 faible chute et \u00e0 faible d\u00e9bit efficaces et \u00e9conomiques gr\u00e2ce au syst\u00e8me de turbine \u00e0 vis d&rsquo;Archim\u00e8de. Notre entreprise, qui a sign\u00e9 de nombreux projets r\u00e9ussis dans notre pays et dans le monde, continue \u00e0 faire la diff\u00e9rence dans la production d&rsquo;\u00e9nergie gr\u00e2ce \u00e0 des solutions innovantes. <\/p>\n\t\t\t\t\t\t\t\t<\/div>\n\t\t\t\t<\/div>\n\t\t\t\t<\/div>\n\t\t<div class=\"elementor-element elementor-element-494676e e-con-full e-flex e-con e-child\" data-id=\"494676e\" data-element_type=\"container\" data-settings=\"{&quot;sticky&quot;:&quot;top&quot;,&quot;sticky_offset&quot;:100,&quot;sticky_parent&quot;:&quot;yes&quot;,&quot;sticky_on&quot;:[&quot;desktop&quot;,&quot;tablet&quot;,&quot;mobile&quot;],&quot;sticky_effects_offset&quot;:0,&quot;sticky_anchor_link_offset&quot;:0}\">\n\t\t\t\t<div class=\"elementor-element elementor-element-9d8004d elementor-widget elementor-widget-etheme_static_block\" data-id=\"9d8004d\" data-element_type=\"widget\" data-widget_type=\"etheme_static_block.default\">\n\t\t\t\t<div class=\"elementor-widget-container\">\n\t\t\t\t\t\t    <div class=\"etheme-static_block-wrapper\">\r\n\t            <div class=\"et-no-preview\"><h3>8theme - Static Block<\/h3><p>No preview available.<\/p><\/div><style>\r\n                .et-no-preview{\r\n                    font-size: 13px;\r\n                    background: #f0f0f0;\r\n                    padding: 8px 12px;\r\n                    color: #000;\r\n                    font-family: -apple-system,BlinkMacSystemFont,Segoe UI,Roboto,Oxygen-Sans,Ubuntu,Cantarell,Helvetica Neue,sans-serif;\r\n                }\r\n                .et-no-preview h3 {\r\n                    font-size: 14px;\r\n                    font-family: inherit;\r\n                    font-weight: 600;\r\n                    margin: 4px 0;\r\n                }\r\n                .et-no-preview p {\r\n                    margin: 4px 0;\r\n                    font-size: 13px;\r\n                }\r\n            <\/style>\t\t<\/div>\r\n\t\t\t\t\t\t<\/div>\n\t\t\t\t<\/div>\n\t\t\t\t<\/div>\n\t\t\t\t\t<\/div>\n\t\t\t\t<\/div>\n\t\t\t\t<\/div>\n\t\t","protected":false},"excerpt":{"rendered":"<p>D\u00e9veloppement de centrales hydro\u00e9lectriques dans le cadre de la production d&rsquo;\u00e9lectricit\u00e9 autoris\u00e9e Mikrohes contribue \u00e0 la production d&rsquo;\u00e9nergie durable en rendant les projets \u00e0 faible&#8230;<\/p>\n","protected":false},"author":1,"featured_media":0,"parent":0,"menu_order":0,"comment_status":"closed","ping_status":"closed","template":"elementor_header_footer","meta":{"footnotes":""},"class_list":["post-2449","page","type-page","status-publish","hentry"],"_links":{"self":[{"href":"https:\/\/mikrohes.com.tr\/fr\/wp-json\/wp\/v2\/pages\/2449","targetHints":{"allow":["GET"]}}],"collection":[{"href":"https:\/\/mikrohes.com.tr\/fr\/wp-json\/wp\/v2\/pages"}],"about":[{"href":"https:\/\/mikrohes.com.tr\/fr\/wp-json\/wp\/v2\/types\/page"}],"author":[{"embeddable":true,"href":"https:\/\/mikrohes.com.tr\/fr\/wp-json\/wp\/v2\/users\/1"}],"replies":[{"embeddable":true,"href":"https:\/\/mikrohes.com.tr\/fr\/wp-json\/wp\/v2\/comments?post=2449"}],"version-history":[{"count":1,"href":"https:\/\/mikrohes.com.tr\/fr\/wp-json\/wp\/v2\/pages\/2449\/revisions"}],"predecessor-version":[{"id":2451,"href":"https:\/\/mikrohes.com.tr\/fr\/wp-json\/wp\/v2\/pages\/2449\/revisions\/2451"}],"wp:attachment":[{"href":"https:\/\/mikrohes.com.tr\/fr\/wp-json\/wp\/v2\/media?parent=2449"}],"curies":[{"name":"wp","href":"https:\/\/api.w.org\/{rel}","templated":true}]}}