{"id":2359,"date":"2024-09-05T18:52:12","date_gmt":"2024-09-05T15:52:12","guid":{"rendered":"https:\/\/mikrohes.com.tr\/a-propos-de-nous-mikrohes\/"},"modified":"2024-12-09T19:39:21","modified_gmt":"2024-12-09T16:39:21","slug":"a-propos-de-nous-mikrohes","status":"publish","type":"page","link":"https:\/\/mikrohes.com.tr\/fr\/a-propos-de-nous-mikrohes\/","title":{"rendered":"A propos de nous | Mikrohes"},"content":{"rendered":"\t\t<div data-elementor-type=\"wp-page\" data-elementor-id=\"2359\" class=\"elementor elementor-2359 elementor-1520\" data-elementor-post-type=\"page\">\n\t\t\t\t<div class=\"elementor-element elementor-element-38c457d e-con-full e-flex e-con e-parent\" data-id=\"38c457d\" data-element_type=\"container\" data-settings=\"{&quot;background_background&quot;:&quot;classic&quot;}\">\n\t\t\t\t<div class=\"elementor-element elementor-element-1174746 elementor-widget elementor-widget-heading\" data-id=\"1174746\" data-element_type=\"widget\" data-widget_type=\"heading.default\">\n\t\t\t\t<div class=\"elementor-widget-container\">\n\t\t\t\t\t<h1 class=\"elementor-heading-title elementor-size-default\">A propos de nous | Mikrohes<\/h1>\t\t\t\t<\/div>\n\t\t\t\t<\/div>\n\t\t\t\t<\/div>\n\t\t<div class=\"elementor-element elementor-element-23bbbb4 e-flex e-con-boxed e-con e-parent\" data-id=\"23bbbb4\" data-element_type=\"container\">\n\t\t\t\t\t<div class=\"e-con-inner\">\n\t\t<div class=\"elementor-element elementor-element-549c470 e-con-full e-flex e-con e-child\" data-id=\"549c470\" data-element_type=\"container\">\n\t\t\t\t<div class=\"elementor-element elementor-element-7c4381d elementor-widget elementor-widget-text-editor\" data-id=\"7c4381d\" data-element_type=\"widget\" data-widget_type=\"text-editor.default\">\n\t\t\t\t<div class=\"elementor-widget-container\">\n\t\t\t\t\t\t\t\t\t<p>Mikrohes est une soci\u00e9t\u00e9 sp\u00e9cialis\u00e9e dans l&rsquo;\u00e9nergie durable, fond\u00e9e en 2013 pour d\u00e9velopper des solutions \u00e9nerg\u00e9tiques innovantes et respectueuses de l&rsquo;environnement. Nous travaillons \u00e0 la construction de l&rsquo;infrastructure \u00e9nerg\u00e9tique propre du futur en contribuant \u00e0 la transformation \u00e9nerg\u00e9tique mondiale. <\/p>\n<p>Notre objectif principal est de d\u00e9velopper des projets hydro\u00e9lectriques durables en utilisant efficacement les ressources \u00e9nerg\u00e9tiques renouvelables.<\/p>\n<p>Gr\u00e2ce \u00e0 des technologies innovantes telles que les <strong>turbines \u00e0 vis d&rsquo;Archim\u00e8de<\/strong>, nous produisons de l&rsquo;\u00e9nergie sans perturber l&rsquo;\u00e9coulement naturel de l&rsquo;eau. Cette approche nous permet d&rsquo;accro\u00eetre l&rsquo;efficacit\u00e9 \u00e9nerg\u00e9tique tout en minimisant l&rsquo;impact sur l&rsquo;environnement. <\/p>\n\t\t\t\t\t\t\t\t<\/div>\n\t\t\t\t<\/div>\n\t\t\t\t<\/div>\n\t\t<div class=\"elementor-element elementor-element-535a766 e-con-full e-flex e-con e-child\" data-id=\"535a766\" data-element_type=\"container\">\n\t\t\t\t<div class=\"elementor-element elementor-element-374a713 elementor-widget elementor-widget-text-editor\" data-id=\"374a713\" data-element_type=\"widget\" data-widget_type=\"text-editor.default\">\n\t\t\t\t<div class=\"elementor-widget-container\">\n\t\t\t\t\t\t\t\t\t<p>Mikrohes con\u00e7oit des syst\u00e8mes \u00e9nerg\u00e9tiques qui fonctionnent en harmonie avec la nature. Nous exploitons les potentiels \u00e9nerg\u00e9tiques inutilis\u00e9s gr\u00e2ce aux projets les plus efficaces d&rsquo;un point de vue \u00e9conomique, fonctionnel, esth\u00e9tique et environnemental. Nous suivons et mettons en \u0153uvre les innovations dans le secteur gr\u00e2ce \u00e0 une R&amp;D continue et \u00e0 des \u00e9tudes sur les nouvelles technologies respectueuses de l&rsquo;environnement. Conscients de notre responsabilit\u00e9 \u00e9conomique, environnementale et sociale, nous proposons des solutions \u00e9nerg\u00e9tiques durables dans le monde entier. Au-del\u00e0 de l&rsquo;acc\u00e8s \u00e0 l&rsquo;\u00e9nergie, nos projets refl\u00e8tent \u00e9galement notre mission, qui est de laisser un monde vivable aux g\u00e9n\u00e9rations futures.    <\/p>\n<p>En tant que marque qui se d\u00e9veloppe constamment en suivant les technologies de pointe et qui joue un r\u00f4le de premier plan dans le secteur, nous offrons des solutions innovantes, \u00e9cologiques et fiables \u00e0 nos partenaires commerciaux et \u00e0 nos clients. Nous visons \u00e0 accro\u00eetre l&rsquo;efficacit\u00e9 \u00e9nerg\u00e9tique, \u00e0 encourager les pratiques respectueuses de l&rsquo;environnement et \u00e0 devenir un leader dans ce domaine. <\/p>\n\t\t\t\t\t\t\t\t<\/div>\n\t\t\t\t<\/div>\n\t\t\t\t<\/div>\n\t\t\t\t\t<\/div>\n\t\t\t\t<\/div>\n\t\t\t\t<\/div>\n\t\t","protected":false},"excerpt":{"rendered":"<p>A propos de nous | Mikrohes Mikrohes est une soci\u00e9t\u00e9 sp\u00e9cialis\u00e9e dans l&rsquo;\u00e9nergie durable, fond\u00e9e en 2013 pour d\u00e9velopper des solutions \u00e9nerg\u00e9tiques innovantes et respectueuses&#8230;<\/p>\n","protected":false},"author":1,"featured_media":0,"parent":0,"menu_order":0,"comment_status":"closed","ping_status":"closed","template":"elementor_header_footer","meta":{"footnotes":""},"class_list":["post-2359","page","type-page","status-publish","hentry"],"_links":{"self":[{"href":"https:\/\/mikrohes.com.tr\/fr\/wp-json\/wp\/v2\/pages\/2359","targetHints":{"allow":["GET"]}}],"collection":[{"href":"https:\/\/mikrohes.com.tr\/fr\/wp-json\/wp\/v2\/pages"}],"about":[{"href":"https:\/\/mikrohes.com.tr\/fr\/wp-json\/wp\/v2\/types\/page"}],"author":[{"embeddable":true,"href":"https:\/\/mikrohes.com.tr\/fr\/wp-json\/wp\/v2\/users\/1"}],"replies":[{"embeddable":true,"href":"https:\/\/mikrohes.com.tr\/fr\/wp-json\/wp\/v2\/comments?post=2359"}],"version-history":[{"count":1,"href":"https:\/\/mikrohes.com.tr\/fr\/wp-json\/wp\/v2\/pages\/2359\/revisions"}],"predecessor-version":[{"id":2361,"href":"https:\/\/mikrohes.com.tr\/fr\/wp-json\/wp\/v2\/pages\/2359\/revisions\/2361"}],"wp:attachment":[{"href":"https:\/\/mikrohes.com.tr\/fr\/wp-json\/wp\/v2\/media?parent=2359"}],"curies":[{"name":"wp","href":"https:\/\/api.w.org\/{rel}","templated":true}]}}